{"id":345,"date":"2022-12-13T06:18:58","date_gmt":"2022-12-13T06:18:58","guid":{"rendered":"https:\/\/difsoledad.com\/?page_id=345"},"modified":"2025-02-12T20:53:56","modified_gmt":"2025-02-12T20:53:56","slug":"transparecia","status":"publish","type":"page","link":"https:\/\/difsoledad.com\/?page_id=345","title":{"rendered":"TRANSPARENCIA"},"content":{"rendered":"<p>En cumplimiento con lo establecido en los Art\u00edculos 84 y 85 de La Ley de Transparencia y Acceso a la Informaci\u00f3n P\u00fablica del Estado de San Luis Potos\u00ed as\u00ed como los Lineamientos Estatales para la Difusi\u00f3n, Disposici\u00f3n y Evaluaci\u00f3n de las Obligaciones de Transparencia Comunes y Espec\u00edficas y Art\u00edculos 70 y 71 de Ley General de Transparencia y Acceso a la Informaci\u00f3n P\u00fablica, obligaciones que compete difundir a este Sujeto Obligado, Sistema Municipal para el Desarrollo Integral de Familia del Municipio de Soledad de Graciano S\u00e1nchez ; se informa a la Ciudadan\u00eda que estar\u00e1n a su disposici\u00f3n en las siguientes Plataformas virtuales.<\/p>\n<p><style>\/*! elementor - v3.8.1 - 13-11-2022 *\/<br \/>\n.elementor-widget-divider{--divider-border-style:none;--divider-border-width:1px;--divider-color:#2c2c2c;--divider-icon-size:20px;--divider-element-spacing:10px;--divider-pattern-height:24px;--divider-pattern-size:20px;--divider-pattern-url:none;--divider-pattern-repeat:repeat-x}.elementor-widget-divider .elementor-divider{display:-webkit-box;display:-ms-flexbox;display:flex}.elementor-widget-divider .elementor-divider__text{font-size:15px;line-height:1;max-width:95%}.elementor-widget-divider .elementor-divider__element{margin:0 var(--divider-element-spacing);-ms-flex-negative:0;flex-shrink:0}.elementor-widget-divider .elementor-icon{font-size:var(--divider-icon-size)}.elementor-widget-divider .elementor-divider-separator{display:-webkit-box;display:-ms-flexbox;display:flex;margin:0;direction:ltr}.elementor-widget-divider--view-line_icon .elementor-divider-separator,.elementor-widget-divider--view-line_text .elementor-divider-separator{-webkit-box-align:center;-ms-flex-align:center;align-items:center}.elementor-widget-divider--view-line_icon .elementor-divider-separator:after,.elementor-widget-divider--view-line_icon .elementor-divider-separator:before,.elementor-widget-divider--view-line_text .elementor-divider-separator:after,.elementor-widget-divider--view-line_text .elementor-divider-separator:before{display:block;content:\"\";border-bottom:0;-webkit-box-flex:1;-ms-flex-positive:1;flex-grow:1;border-top:var(--divider-border-width) var(--divider-border-style) var(--divider-color)}.elementor-widget-divider--element-align-left .elementor-divider .elementor-divider-separator>.elementor-divider__svg:first-of-type{-webkit-box-flex:0;-ms-flex-positive:0;flex-grow:0;-ms-flex-negative:100;flex-shrink:100}.elementor-widget-divider--element-align-left .elementor-divider-separator:before{content:none}.elementor-widget-divider--element-align-left .elementor-divider__element{margin-left:0}.elementor-widget-divider--element-align-right .elementor-divider .elementor-divider-separator>.elementor-divider__svg:last-of-type{-webkit-box-flex:0;-ms-flex-positive:0;flex-grow:0;-ms-flex-negative:100;flex-shrink:100}.elementor-widget-divider--element-align-right .elementor-divider-separator:after{content:none}.elementor-widget-divider--element-align-right .elementor-divider__element{margin-right:0}.elementor-widget-divider:not(.elementor-widget-divider--view-line_text):not(.elementor-widget-divider--view-line_icon) .elementor-divider-separator{border-top:var(--divider-border-width) var(--divider-border-style) var(--divider-color)}.elementor-widget-divider--separator-type-pattern{--divider-border-style:none}.elementor-widget-divider--separator-type-pattern.elementor-widget-divider--view-line .elementor-divider-separator,.elementor-widget-divider--separator-type-pattern:not(.elementor-widget-divider--view-line) .elementor-divider-separator:after,.elementor-widget-divider--separator-type-pattern:not(.elementor-widget-divider--view-line) .elementor-divider-separator:before,.elementor-widget-divider--separator-type-pattern:not([class*=elementor-widget-divider--view]) .elementor-divider-separator{width:100%;min-height:var(--divider-pattern-height);-webkit-mask-size:var(--divider-pattern-size) 100%;mask-size:var(--divider-pattern-size) 100%;-webkit-mask-repeat:var(--divider-pattern-repeat);mask-repeat:var(--divider-pattern-repeat);background-color:var(--divider-color);-webkit-mask-image:var(--divider-pattern-url);mask-image:var(--divider-pattern-url)}.elementor-widget-divider--no-spacing{--divider-pattern-size:auto}.elementor-widget-divider--bg-round{--divider-pattern-repeat:round}.rtl .elementor-widget-divider .elementor-divider__text{direction:rtl}.e-con-inner>.elementor-widget-divider,.e-con>.elementor-widget-divider{width:var(--container-widget-width,100%)}<\/style> <style>\/*! elementor - v3.8.1 - 13-11-2022 *\/<br \/>\n.elementor-widget-image-box .elementor-image-box-content{width:100%}@media (min-width:768px){.elementor-widget-image-box.elementor-position-left .elementor-image-box-wrapper,.elementor-widget-image-box.elementor-position-right .elementor-image-box-wrapper{display:-webkit-box;display:-ms-flexbox;display:flex}.elementor-widget-image-box.elementor-position-right .elementor-image-box-wrapper{text-align:right;-webkit-box-orient:horizontal;-webkit-box-direction:reverse;-ms-flex-direction:row-reverse;flex-direction:row-reverse}.elementor-widget-image-box.elementor-position-left .elementor-image-box-wrapper{text-align:left;-webkit-box-orient:horizontal;-webkit-box-direction:normal;-ms-flex-direction:row;flex-direction:row}.elementor-widget-image-box.elementor-position-top .elementor-image-box-img{margin:auto}.elementor-widget-image-box.elementor-vertical-align-top .elementor-image-box-wrapper{-webkit-box-align:start;-ms-flex-align:start;align-items:flex-start}.elementor-widget-image-box.elementor-vertical-align-middle .elementor-image-box-wrapper{-webkit-box-align:center;-ms-flex-align:center;align-items:center}.elementor-widget-image-box.elementor-vertical-align-bottom .elementor-image-box-wrapper{-webkit-box-align:end;-ms-flex-align:end;align-items:flex-end}}@media (max-width:767px){.elementor-widget-image-box .elementor-image-box-img{margin-left:auto!important;margin-right:auto!important;margin-bottom:15px}}.elementor-widget-image-box .elementor-image-box-img{display:inline-block}.elementor-widget-image-box .elementor-image-box-title a{color:inherit}.elementor-widget-image-box .elementor-image-box-wrapper{text-align:center}.elementor-widget-image-box .elementor-image-box-description{margin:0}<\/style><\/p>\n<figure><a href=\"http:\/\/www.cegaipslp.org.mx\/webcegaip2022.nsf\/xBuscadorDIFSoledad?OpenForm\"><img fetchpriority=\"high\" decoding=\"async\" src=\"https:\/\/difsoledad.com\/wp-content\/uploads\/2022\/12\/cegaip.jpg\" alt=\"\" width=\"545\" height=\"262\" \/><\/a><\/figure>\n<p>Cumplimiento a los art\u00edculos 84 y 85 de mayo del 2016 a la fecha Con la Ley vigente de la LTAIPSLP<\/p>\n<figure><a href=\"https:\/\/www.plataformadetransparencia.org.mx\/web\/guest\/home?p_p_id=com_liferay_login_web_portlet_LoginPortlet&amp;p_p_lifecycle=0&amp;p_p_state=maximized&amp;p_p_mode=view&amp;saveLastPath=false&amp;_com_liferay_login_web_portlet_LoginPortlet_mvcRenderCommandName=%2Flogin%2Flogin\"><img decoding=\"async\" src=\"https:\/\/difsoledad.com\/wp-content\/uploads\/2022\/12\/plat_transp.jpg\" alt=\"\" width=\"545\" height=\"262\" \/><\/a><\/figure>\n<p>Cumplimiento a los art\u00edculos 70 y 71 Plataforma Nacional de Transparencia<\/p>\n<figure><a href=\"https:\/\/www.plataformadetransparencia.org.mx\/\"><img decoding=\"async\" src=\"https:\/\/difsoledad.com\/wp-content\/uploads\/2022\/12\/sisai.jpg\" alt=\"\" width=\"265\" height=\"66\" \/><\/a><\/figure>\n<p>Genera aqu\u00ed tus solicitudes de informaci\u00f3n.<\/p>\n<figure><a href=\"https:\/\/difsoledad.com\/?page_id=410\"><img loading=\"lazy\" decoding=\"async\" src=\"https:\/\/difsoledad.com\/wp-content\/uploads\/2022\/11\/logo.jpg\" alt=\"\" width=\"443\" height=\"221\" \/><\/a><\/figure>\n<p>Publicaci\u00f3n de Obligaciones con los art\u00edculos 18, 19 y 20 Ley Derogada, con la Ley abrogada de la LTAIPSLP .<\/p>\n\n\n<p><\/p>\n","protected":false},"excerpt":{"rendered":"<p>En cumplimiento con lo establecido en los Art\u00edculos 84 y 85 de La Ley de Transparencia y Acceso a la Informaci\u00f3n P\u00fablica del Estado de San Luis Potos\u00ed as\u00ed como&hellip;<\/p>\n","protected":false},"author":1,"featured_media":0,"parent":0,"menu_order":0,"comment_status":"closed","ping_status":"closed","template":"","meta":{"footnotes":""},"class_list":["post-345","page","type-page","status-publish","hentry"],"_links":{"self":[{"href":"https:\/\/difsoledad.com\/index.php?rest_route=\/wp\/v2\/pages\/345","targetHints":{"allow":["GET"]}}],"collection":[{"href":"https:\/\/difsoledad.com\/index.php?rest_route=\/wp\/v2\/pages"}],"about":[{"href":"https:\/\/difsoledad.com\/index.php?rest_route=\/wp\/v2\/types\/page"}],"author":[{"embeddable":true,"href":"https:\/\/difsoledad.com\/index.php?rest_route=\/wp\/v2\/users\/1"}],"replies":[{"embeddable":true,"href":"https:\/\/difsoledad.com\/index.php?rest_route=%2Fwp%2Fv2%2Fcomments&post=345"}],"version-history":[{"count":40,"href":"https:\/\/difsoledad.com\/index.php?rest_route=\/wp\/v2\/pages\/345\/revisions"}],"predecessor-version":[{"id":2686,"href":"https:\/\/difsoledad.com\/index.php?rest_route=\/wp\/v2\/pages\/345\/revisions\/2686"}],"wp:attachment":[{"href":"https:\/\/difsoledad.com\/index.php?rest_route=%2Fwp%2Fv2%2Fmedia&parent=345"}],"curies":[{"name":"wp","href":"https:\/\/api.w.org\/{rel}","templated":true}]}}